{"id":9,"date":"2019-01-10T15:48:43","date_gmt":"2019-01-10T15:48:43","guid":{"rendered":"http:\/\/drohnenserviceusedom.de\/?page_id=9"},"modified":"2022-10-18T09:09:20","modified_gmt":"2022-10-18T09:09:20","slug":"impressum","status":"publish","type":"page","link":"https:\/\/drohnenserviceusedom.de\/?page_id=9","title":{"rendered":"Impressum"},"content":{"rendered":"\n<h6>Herausgeber<\/h6>\n\n\n\n<p style=\"font-size:12px\">Drohnenservice Usedom<br>Neue Str. 6c<br>17440 Neundorf\/Usedom<\/p>\n\n\n\n<p style=\"font-size:12px\">Mobil: +49 (151) 50 60 20 54&nbsp;<br><a href=\"mailto:info@drohnenserviceusedom.de\">info@drohnenserviceusedom.de<\/a><\/p>\n\n\n\n<h6>Inhaber<\/h6>\n\n\n\n<p style=\"font-size:12px\">Thomas M. Heller<\/p>\n\n\n\n<h6>Haftungshinweis<\/h6>\n\n\n\n<p style=\"font-size:12px\">Trotz sorgf\u00e4ltiger inhaltlicher Kontrolle \u00fcbernimmt der Betreiber der Website keine Haftung f\u00fcr die Inhalte externer Links. F\u00fcr den Inhalt der verlinkten Seiten sind ausschlie\u00dflich deren Betreiber verantwortlich.<\/p>\n\n\n\n<p><\/p>\n","protected":false},"excerpt":{"rendered":"<p>Herausgeber Drohnenservice UsedomNeue Str. 6c17440 Neundorf\/Usedom Mobil: +49 (151) 50 60 20 54&nbsp;info@drohnenserviceusedom.de Inhaber Thomas M. Heller Haftungshinweis Trotz sorgf\u00e4ltiger inhaltlicher Kontrolle \u00fcbernimmt der Betreiber der Website keine Haftung f\u00fcr die Inhalte externer Links. F\u00fcr den Inhalt der verlinkten Seiten sind ausschlie\u00dflich deren Betreiber verantwortlich.<\/p>\n","protected":false},"author":1,"featured_media":0,"parent":0,"menu_order":0,"comment_status":"closed","ping_status":"closed","template":"","meta":[],"_links":{"self":[{"href":"https:\/\/drohnenserviceusedom.de\/index.php?rest_route=\/wp\/v2\/pages\/9"}],"collection":[{"href":"https:\/\/drohnenserviceusedom.de\/index.php?rest_route=\/wp\/v2\/pages"}],"about":[{"href":"https:\/\/drohnenserviceusedom.de\/index.php?rest_route=\/wp\/v2\/types\/page"}],"author":[{"embeddable":true,"href":"https:\/\/drohnenserviceusedom.de\/index.php?rest_route=\/wp\/v2\/users\/1"}],"replies":[{"embeddable":true,"href":"https:\/\/drohnenserviceusedom.de\/index.php?rest_route=%2Fwp%2Fv2%2Fcomments&post=9"}],"version-history":[{"count":4,"href":"https:\/\/drohnenserviceusedom.de\/index.php?rest_route=\/wp\/v2\/pages\/9\/revisions"}],"predecessor-version":[{"id":347,"href":"https:\/\/drohnenserviceusedom.de\/index.php?rest_route=\/wp\/v2\/pages\/9\/revisions\/347"}],"wp:attachment":[{"href":"https:\/\/drohnenserviceusedom.de\/index.php?rest_route=%2Fwp%2Fv2%2Fmedia&parent=9"}],"curies":[{"name":"wp","href":"https:\/\/api.w.org\/{rel}","templated":true}]}}