{"id":260,"date":"2019-04-13T15:02:09","date_gmt":"2019-04-13T15:02:09","guid":{"rendered":"https:\/\/drohnenserviceusedom.de\/?page_id=260"},"modified":"2019-04-17T06:13:51","modified_gmt":"2019-04-17T06:13:51","slug":"360-grad","status":"publish","type":"page","link":"https:\/\/drohnenserviceusedom.de\/?page_id=260","title":{"rendered":"360\u00b0"},"content":{"rendered":"\n<!-- ipanorama begin -->\n<style>\n@import url(\"https:\/\/drohnenserviceusedom.de\/wp-content\/plugins\/ipanorama\/lib\/ipanorama.theme.default.css?ver=ipanorama\");\n<\/style>\n<div id=\"ipnrm-data-ffveu-257\" style=\"display:none;\">\n<div id=\"ipnrm-data-scene-ffveu-scene1\">360 Grad Halbinsel Peenem\u00fcnde<\/div>\n<\/div>\n<div id=\"ipnrm-ffveu-257\" style=\"width:100%;height:250px;\"><\/div>\n<script type=\"text\/javascript\">\njQuery( document ).ready(function( jQuery ) {\njQuery( \"#ipnrm-ffveu-257\" ).ipanorama({\ntheme: \"ipnrm-theme-default\",\nimagePreview: \"https:\/\/drohnenserviceusedom.de\/wp-content\/uploads\/\/2019\/01\/background.jpg\",\nautoLoad: true,\nautoRotate: false,\nautoRotateSpeed: 0.001,\nautoRotateInactivityDelay: 3000,\nmouseWheelPreventDefault: true,\nmouseWheelRotate: false,\nmouseWheelRotateCoef: 0.2,\nmouseWheelZoom: true,\nmouseWheelZoomCoef: 0.05,\nhoverGrab: false,\nhoverGrabYawCoef: 20,\nhoverGrabPitchCoef: 20,\ngrab: true,\ngrabCoef: 0.1,\nshowControlsOnHover: false,\nshowSceneThumbsCtrl: false,\nshowSceneMenuCtrl: false,\nshowSceneNextPrevCtrl: true,\nshowShareCtrl: false,\nshowZoomCtrl: true,\nshowFullscreenCtrl: true,\nshowAutoRotateCtrl: false,\nsceneThumbsVertical: true,\nsceneThumbsStatic: false,\ntitle: true,\ncompass: false,\nkeyboardNav: true,\nkeyboardZoom: false,\nsceneNextPrevLoop: false,\npopover: false,\nmobile: false,\nsceneFadeDuration: 3000,\nsceneBackgroundLoad: false,\nsceneId: \"scene1\",\nscenes: {\nscene1: {\ntype: \"sphere\",\ncubeTextureCount: \"single\",\nsphereWidthSegments: 100,\nsphereHeightSegments: 40,\nimage: \"https:\/\/drohnenserviceusedom.de\/wp-content\/uploads\/\/2019\/01\/background.jpg\",\nsaveCamera: false,\ntitleHtml: false,\ntitleSelector: \"#ipnrm-data-scene-ffveu-scene1\",\n},\n}\n});\n});\n<\/script>\n<!-- ipanorama end -->\n\t\t\n\n\n\n<h5>Frei wie ein Vogel ein Gebiet \u00fcberfliegen<\/h5>\n\n\n\n<p class=\"has-small-font-size\">Ihr Objekt in einer interaktiven 360 Grad Ansicht, damit lassen sich gr\u00f6\u00dfere Gebiete oder Anlagen anschaulicher darstellen und der Betrachter hat die M\u00f6glichkeit sich ihr Objekt von zu Hause aus zu betrachten und in seiner Absicht noch mehr best\u00e4rkt zu f\u00fchlen diesen Ort besuchen zu wollen.<\/p>\n","protected":false},"excerpt":{"rendered":"<p>Frei wie ein Vogel ein Gebiet \u00fcberfliegen Ihr Objekt in einer interaktiven 360 Grad Ansicht, damit lassen sich gr\u00f6\u00dfere Gebiete oder Anlagen anschaulicher darstellen und der Betrachter hat die M\u00f6glichkeit sich ihr Objekt von zu Hause aus zu betrachten und in seiner Absicht noch mehr best\u00e4rkt zu f\u00fchlen diesen Ort besuchen zu wollen.<\/p>\n","protected":false},"author":1,"featured_media":0,"parent":0,"menu_order":0,"comment_status":"closed","ping_status":"closed","template":"","meta":[],"_links":{"self":[{"href":"https:\/\/drohnenserviceusedom.de\/index.php?rest_route=\/wp\/v2\/pages\/260"}],"collection":[{"href":"https:\/\/drohnenserviceusedom.de\/index.php?rest_route=\/wp\/v2\/pages"}],"about":[{"href":"https:\/\/drohnenserviceusedom.de\/index.php?rest_route=\/wp\/v2\/types\/page"}],"author":[{"embeddable":true,"href":"https:\/\/drohnenserviceusedom.de\/index.php?rest_route=\/wp\/v2\/users\/1"}],"replies":[{"embeddable":true,"href":"https:\/\/drohnenserviceusedom.de\/index.php?rest_route=%2Fwp%2Fv2%2Fcomments&post=260"}],"version-history":[{"count":6,"href":"https:\/\/drohnenserviceusedom.de\/index.php?rest_route=\/wp\/v2\/pages\/260\/revisions"}],"predecessor-version":[{"id":269,"href":"https:\/\/drohnenserviceusedom.de\/index.php?rest_route=\/wp\/v2\/pages\/260\/revisions\/269"}],"wp:attachment":[{"href":"https:\/\/drohnenserviceusedom.de\/index.php?rest_route=%2Fwp%2Fv2%2Fmedia&parent=260"}],"curies":[{"name":"wp","href":"https:\/\/api.w.org\/{rel}","templated":true}]}}