{"id":190,"date":"2019-02-01T16:52:42","date_gmt":"2019-02-01T16:52:42","guid":{"rendered":"http:\/\/drohnenserviceusedom.de\/?page_id=190"},"modified":"2019-03-14T19:58:04","modified_gmt":"2019-03-14T19:58:04","slug":"feuerwehr-und-rettungsdienste","status":"publish","type":"page","link":"https:\/\/drohnenserviceusedom.de\/?page_id=190","title":{"rendered":"Feuerwehr und Rettungsdienste"},"content":{"rendered":"\n<figure class=\"wp-block-image is-resized\"><img loading=\"lazy\" src=\"http:\/\/drohnenserviceusedom.de\/wp-content\/uploads\/2019\/03\/Bildschirmfoto-2019-03-12-um-19.09.50-1024x490.png\" alt=\"\" class=\"wp-image-214\" width=\"512\" height=\"271\"\/><\/figure>\n\n\n\n<h5>\u00dcberwachung und Aufkl\u00e4rung beim Feuerwehr- oder Rettungseinsatz 24\/7 erreichbar.<\/h5>\n\n\n\n<p class=\"has-small-font-size\">Mit der Unterst\u00fctzung aus der Luft bei Feuerwehr &#8211; bzw Rettungseins\u00e4tzen ergeben sich viele Vorteile f\u00fcr die Retter.<br><br>&#8211; Analyse der Brandsituation beim Einsatz, Brandherdsuche.<br>&#8211; Personensuche, auch bei Rauchentwicklung dank Thermaltechnik m\u00f6glich.<br>&#8211; Ausleuchtung von Bereichen die \u00fcber den Boden nur schwer zu erreichen sind<br>&#8211; Personensuche mit der Thermalkamera, auch in unwegsamen Gel\u00e4nde oder im Wasser bei Wellengang.<br>&#8211; Einflug in extrem gef\u00e4hrdete Bereiche z. Bsp. bei Windbruch, in Geb\u00e4ude mit    Einsturzgefahr, Gefahreng\u00fcter ohne Personal zu gef\u00e4hrden.<br>&#8211; Kommunikation mit verungl\u00fcckten oder schwer zu erreichenden Personen \u00fcber ein Lautsprechersystem.<br><\/p>\n\n\n\n<figure class=\"wp-block-image\"><img loading=\"lazy\" width=\"512\" height=\"250\" src=\"http:\/\/drohnenserviceusedom.de\/wp-content\/uploads\/2019\/03\/MannimFeld.jpg\" alt=\"\" class=\"wp-image-243\" srcset=\"https:\/\/drohnenserviceusedom.de\/wp-content\/uploads\/2019\/03\/MannimFeld.jpg 512w, https:\/\/drohnenserviceusedom.de\/wp-content\/uploads\/2019\/03\/MannimFeld-300x146.jpg 300w, https:\/\/drohnenserviceusedom.de\/wp-content\/uploads\/2019\/03\/MannimFeld-400x195.jpg 400w\" sizes=\"(max-width: 512px) 100vw, 512px\" \/><\/figure>\n\n\n\n<p style=\"font-size:18px\" class=\"has-text-color has-background has-black-color has-white-background-color\"><strong>Um die vielseitigen M\u00f6glichkeiten unserer Drohnen im Einsatz zu erleben, bietet Drohnenservice Usedom allen interessierten Rettungsdiensten eine kostenlose Vorf\u00fchrung an.<br><br> <\/strong><a href=\"mailto:info@drohnenserviceusedom.de?subject=Kostenlose Demo f\u00fcr Rettungsdienste\"><strong> Hier klicken f\u00fcr eine Terminanfrage<\/strong><\/a><strong>  <\/strong><\/p>\n","protected":false},"excerpt":{"rendered":"<p>\u00dcberwachung und Aufkl\u00e4rung beim Feuerwehr- oder Rettungseinsatz 24\/7 erreichbar. Mit der Unterst\u00fctzung aus der Luft bei Feuerwehr &#8211; bzw Rettungseins\u00e4tzen ergeben sich viele Vorteile f\u00fcr die Retter. &#8211; Analyse der Brandsituation beim Einsatz, Brandherdsuche.&#8211; Personensuche, auch bei Rauchentwicklung dank Thermaltechnik m\u00f6glich.&#8211; Ausleuchtung von Bereichen die \u00fcber den Boden nur schwer zu erreichen sind&#8211; Personensuche mit [&hellip;]<\/p>\n","protected":false},"author":1,"featured_media":0,"parent":0,"menu_order":0,"comment_status":"closed","ping_status":"closed","template":"","meta":[],"_links":{"self":[{"href":"https:\/\/drohnenserviceusedom.de\/index.php?rest_route=\/wp\/v2\/pages\/190"}],"collection":[{"href":"https:\/\/drohnenserviceusedom.de\/index.php?rest_route=\/wp\/v2\/pages"}],"about":[{"href":"https:\/\/drohnenserviceusedom.de\/index.php?rest_route=\/wp\/v2\/types\/page"}],"author":[{"embeddable":true,"href":"https:\/\/drohnenserviceusedom.de\/index.php?rest_route=\/wp\/v2\/users\/1"}],"replies":[{"embeddable":true,"href":"https:\/\/drohnenserviceusedom.de\/index.php?rest_route=%2Fwp%2Fv2%2Fcomments&post=190"}],"version-history":[{"count":9,"href":"https:\/\/drohnenserviceusedom.de\/index.php?rest_route=\/wp\/v2\/pages\/190\/revisions"}],"predecessor-version":[{"id":244,"href":"https:\/\/drohnenserviceusedom.de\/index.php?rest_route=\/wp\/v2\/pages\/190\/revisions\/244"}],"wp:attachment":[{"href":"https:\/\/drohnenserviceusedom.de\/index.php?rest_route=%2Fwp%2Fv2%2Fmedia&parent=190"}],"curies":[{"name":"wp","href":"https:\/\/api.w.org\/{rel}","templated":true}]}}