{"id":174,"date":"2019-01-16T12:01:05","date_gmt":"2019-01-16T12:01:05","guid":{"rendered":"http:\/\/drohnenserviceusedom.de\/?page_id=174"},"modified":"2019-03-14T19:37:40","modified_gmt":"2019-03-14T19:37:40","slug":"forstwirtschaft","status":"publish","type":"page","link":"https:\/\/drohnenserviceusedom.de\/?page_id=174","title":{"rendered":"Forstwirtschaft"},"content":{"rendered":"\n<figure class=\"wp-block-image\"><img loading=\"lazy\" width=\"512\" height=\"250\" src=\"http:\/\/drohnenserviceusedom.de\/wp-content\/uploads\/2019\/03\/Wald1.jpg\" alt=\"\" class=\"wp-image-233\" srcset=\"https:\/\/drohnenserviceusedom.de\/wp-content\/uploads\/2019\/03\/Wald1.jpg 512w, https:\/\/drohnenserviceusedom.de\/wp-content\/uploads\/2019\/03\/Wald1-300x146.jpg 300w, https:\/\/drohnenserviceusedom.de\/wp-content\/uploads\/2019\/03\/Wald1-400x195.jpg 400w\" sizes=\"(max-width: 512px) 100vw, 512px\" \/><\/figure>\n\n\n\n<h5>Der Wald von oben betrachten<\/h5>\n\n\n\n<p class=\"has-small-font-size\">Schnelle und einfache Inspektion ihres Baumbestands. <\/p>\n\n\n\n<p class=\"has-small-font-size\">-Nach Unwettern oder Br\u00e4nden<br>-Sch\u00e4dlingsbefall<br>-Bestandsaufnahme der Fortstfl\u00e4chen<\/p>\n\n\n\n<p class=\"has-small-font-size\">Entweder mit hochaufl\u00f6senden Bildern und Filmen, atemberaubende 360\u00b0 Panoramen oder Thermalaufnahmen stehen ihnen viele M\u00f6glichkeiten zur Analyse offen.<\/p>\n","protected":false},"excerpt":{"rendered":"<p>Der Wald von oben betrachten Schnelle und einfache Inspektion ihres Baumbestands. -Nach Unwettern oder Br\u00e4nden-Sch\u00e4dlingsbefall-Bestandsaufnahme der Fortstfl\u00e4chen Entweder mit hochaufl\u00f6senden Bildern und Filmen, atemberaubende 360\u00b0 Panoramen oder Thermalaufnahmen stehen ihnen viele M\u00f6glichkeiten zur Analyse offen.<\/p>\n","protected":false},"author":1,"featured_media":0,"parent":0,"menu_order":0,"comment_status":"closed","ping_status":"closed","template":"","meta":[],"_links":{"self":[{"href":"https:\/\/drohnenserviceusedom.de\/index.php?rest_route=\/wp\/v2\/pages\/174"}],"collection":[{"href":"https:\/\/drohnenserviceusedom.de\/index.php?rest_route=\/wp\/v2\/pages"}],"about":[{"href":"https:\/\/drohnenserviceusedom.de\/index.php?rest_route=\/wp\/v2\/types\/page"}],"author":[{"embeddable":true,"href":"https:\/\/drohnenserviceusedom.de\/index.php?rest_route=\/wp\/v2\/users\/1"}],"replies":[{"embeddable":true,"href":"https:\/\/drohnenserviceusedom.de\/index.php?rest_route=%2Fwp%2Fv2%2Fcomments&post=174"}],"version-history":[{"count":5,"href":"https:\/\/drohnenserviceusedom.de\/index.php?rest_route=\/wp\/v2\/pages\/174\/revisions"}],"predecessor-version":[{"id":234,"href":"https:\/\/drohnenserviceusedom.de\/index.php?rest_route=\/wp\/v2\/pages\/174\/revisions\/234"}],"wp:attachment":[{"href":"https:\/\/drohnenserviceusedom.de\/index.php?rest_route=%2Fwp%2Fv2%2Fmedia&parent=174"}],"curies":[{"name":"wp","href":"https:\/\/api.w.org\/{rel}","templated":true}]}}