{"id":163,"date":"2019-01-16T11:38:13","date_gmt":"2019-01-16T11:38:13","guid":{"rendered":"http:\/\/drohnenserviceusedom.de\/?page_id=163"},"modified":"2019-03-14T19:50:57","modified_gmt":"2019-03-14T19:50:57","slug":"solarenergie","status":"publish","type":"page","link":"https:\/\/drohnenserviceusedom.de\/?page_id=163","title":{"rendered":"Solarenergie"},"content":{"rendered":"\n<figure class=\"wp-block-image\"><img loading=\"lazy\" width=\"512\" height=\"250\" src=\"http:\/\/drohnenserviceusedom.de\/wp-content\/uploads\/2019\/03\/Solar.jpg\" alt=\"\" class=\"wp-image-241\" srcset=\"https:\/\/drohnenserviceusedom.de\/wp-content\/uploads\/2019\/03\/Solar.jpg 512w, https:\/\/drohnenserviceusedom.de\/wp-content\/uploads\/2019\/03\/Solar-300x146.jpg 300w, https:\/\/drohnenserviceusedom.de\/wp-content\/uploads\/2019\/03\/Solar-400x195.jpg 400w\" sizes=\"(max-width: 512px) 100vw, 512px\" \/><\/figure>\n\n\n\n<h5>Wartung aus der Luft &#8211; Inspektion von Solarenergieanlagen mit Thermografie<\/h5>\n\n\n\n<p class=\"has-small-font-size\">Die regelm\u00e4\u00dfige Kontrolle von Solaranlagen tr\u00e4gt zu ihrer Langlebigkeit bei. Auftretende Sch\u00e4den k\u00f6nnen via Thermalkamera ausfindig gemacht werden. Drohnen erm\u00f6glichen eine einfache und effiziente Inspektion, indem sie aus der Luft Thermografie-Aufnahmen durchf\u00fchren. Temperaturunterschiede verraten, wo m\u00f6gliche Besch\u00e4digungen oder inneffiziente Ertragsleistungen vorliegen.<br>Erkennung von Risse im Modul, Feuchtigkeit, fehlerhafte Verkabelung und&nbsp;Alterszustand.<\/p>\n\n\n\n<p><\/p>\n\n\n\n<p><br><\/p>\n","protected":false},"excerpt":{"rendered":"<p>Wartung aus der Luft &#8211; Inspektion von Solarenergieanlagen mit Thermografie Die regelm\u00e4\u00dfige Kontrolle von Solaranlagen tr\u00e4gt zu ihrer Langlebigkeit bei. Auftretende Sch\u00e4den k\u00f6nnen via Thermalkamera ausfindig gemacht werden. Drohnen erm\u00f6glichen eine einfache und effiziente Inspektion, indem sie aus der Luft Thermografie-Aufnahmen durchf\u00fchren. Temperaturunterschiede verraten, wo m\u00f6gliche Besch\u00e4digungen oder inneffiziente Ertragsleistungen vorliegen.Erkennung von Risse im Modul, [&hellip;]<\/p>\n","protected":false},"author":1,"featured_media":0,"parent":0,"menu_order":0,"comment_status":"closed","ping_status":"closed","template":"","meta":[],"_links":{"self":[{"href":"https:\/\/drohnenserviceusedom.de\/index.php?rest_route=\/wp\/v2\/pages\/163"}],"collection":[{"href":"https:\/\/drohnenserviceusedom.de\/index.php?rest_route=\/wp\/v2\/pages"}],"about":[{"href":"https:\/\/drohnenserviceusedom.de\/index.php?rest_route=\/wp\/v2\/types\/page"}],"author":[{"embeddable":true,"href":"https:\/\/drohnenserviceusedom.de\/index.php?rest_route=\/wp\/v2\/users\/1"}],"replies":[{"embeddable":true,"href":"https:\/\/drohnenserviceusedom.de\/index.php?rest_route=%2Fwp%2Fv2%2Fcomments&post=163"}],"version-history":[{"count":6,"href":"https:\/\/drohnenserviceusedom.de\/index.php?rest_route=\/wp\/v2\/pages\/163\/revisions"}],"predecessor-version":[{"id":242,"href":"https:\/\/drohnenserviceusedom.de\/index.php?rest_route=\/wp\/v2\/pages\/163\/revisions\/242"}],"wp:attachment":[{"href":"https:\/\/drohnenserviceusedom.de\/index.php?rest_route=%2Fwp%2Fv2%2Fmedia&parent=163"}],"curies":[{"name":"wp","href":"https:\/\/api.w.org\/{rel}","templated":true}]}}